{"id":224,"date":"2016-12-31T08:25:57","date_gmt":"2016-12-31T08:25:57","guid":{"rendered":"https:\/\/guaven.com\/demos\/woocommerce-search-box\/?page_id=224"},"modified":"2018-07-18T13:08:14","modified_gmt":"2018-07-18T13:08:14","slug":"de-woocommerce-suche-smart-search-box","status":"publish","type":"page","link":"https:\/\/demo.guaven.com\/woo-search-box\/woocommerce-search-box-demo\/de-woocommerce-suche-smart-search-box\/","title":{"rendered":"SOFORTIGE, ZUVERL\u00c4SSIGE und INTELLIGENTE Suche"},"content":{"rendered":"<aside id=\"sidebar\" class=\"widget widget_search woos_search\" style=\"width: 96%; display: block; float: none;\">\n<form class=\"search-form\" action=\"https:\/\/demo.guaven.com\/woo-search-box\/\" method=\"get\"><label><input class=\"search-field\" style=\"width: 90%; padding: 13px 15px 12px 15px;\" name=\"s\" type=\"search\" value=\"\" placeholder=\"Search...\" \/><\/label><input name=\"post_type\" type=\"hidden\" value=\"product\" \/><input class=\"search-submit\" style=\"width: 10%;\" type=\"submit\" value=\"Search\" \/><\/form>\n<\/aside>\n<div style=\"width: 100%;min-height: 120px;background: #96588a;padding-top: 30px;padding-bottom: 30px;color: white;text-align: center\">\n<h4 style=\"color: white\"><span style=\"vertical-align: inherit\"><span style=\"vertical-align: inherit\">V<\/span><\/span><span style=\"color: #ffffff\"><span style=\"font-family: Montserrat, serif\"><span style=\"font-size: large\">erwandelt Ihr bestehendes Suchformular in eine MAGISCHE SUCHBOX mit intelligenten und schnellen Vorschl\u00e4gen &#8211; ohne zus\u00e4tzliche Codierung!<\/span><\/span><\/span><\/h4>\n<p>\u201cWooCommerce Search Box\u201d ist ein sehr leistungsstarkes und einfach zu bedienendes WooCommerce Such-Plugin, das ein einfaches Suchfeld aus Ihrem WooCommerce Store in die leistungsstarke multifunktionale Zauberbox verwandelt, die Ihnen hilft, mehr Produkte zu verkaufen. Die Plugin-Benutzeroberfl\u00e4che ist mit allen Themen kompatibel.<br \/>\nLightning Fast Suche nach Produktname, Beschreibung, Synonyme, SKU, Produkt-Tags, benutzerdefinierte Felder und Attribute!<\/p>\n<ul style=\"text-align: left;margin-left: auto;margin-right: auto;width: 75%;margin-bottom: 15px\">\n<li><span style=\"color: #ffffff\"><span style=\"font-family: Montserrat, serif\">Um den Tippfehler-Resolver zu testen, geben Sie <\/span><\/span><span style=\"color: #ffff99\"><span style=\"font-family: Montserrat, serif\">Shwarskof<\/span><\/span><span style=\"color: #ffffff\"><span style=\"font-family: Montserrat, serif\"> von Schwarzkopf oder <\/span><\/span><span style=\"color: #ffff99\"><span style=\"font-family: Montserrat, serif\">Shaomi <\/span><\/span><span style=\"color: #ffffff\"><span style=\"font-family: Montserrat, serif\">statt Xiaomi oder <\/span><\/span><span style=\"color: #ffff99\"><span style=\"font-family: Montserrat, serif\">Volsvagen<\/span><\/span><span style=\"color: #ffffff\"><span style=\"font-family: Montserrat, serif\"> statt Volkswagen ein.<\/span><\/span><\/li>\n<li><span style=\"color: #ffffff\"><span style=\"font-family: Montserrat, serif\">Um die Multi-Sequenz-Funktion zu testen, geben Sie <\/span><\/span><span style=\"color: #ffff99\"><span style=\"font-family: Montserrat, serif\">Touch Amazon <\/span><\/span><span style=\"color: #ffffff\"><span style=\"font-family: Montserrat, serif\">statt Amazon Kindle Touch oder <\/span><\/span><span style=\"color: #ffff99\"><span style=\"font-family: Montserrat, serif\">Apple Phone<\/span><\/span><span style=\"color: #ffffff\"><span style=\"font-family: Montserrat, serif\"> statt iPhone ein.<\/span><\/span><\/li>\n<li><span style=\"color: #ffffff\"><span style=\"font-family: Montserrat, serif\"><b>Um spezielle Buchstaben Resolver <\/b><\/span><\/span><span style=\"color: #ffff99\"><span style=\"font-family: Montserrat, serif\"><b>Francaise de cafe<\/b><\/span><\/span><span style=\"color: #ffffff\"><span style=\"font-family: Montserrat, serif\"><b> statt Fran\u00e7aise de caf\u00e9 zu testen.<\/b><\/span><\/span><\/li>\n<li><span style=\"color: #ffffff\"><span style=\"font-family: Montserrat, serif\"><b>Um die Suche nach benutzerdefinierten Feldern und Attributen zu testen,<\/b><\/span><\/span><span style=\"vertical-align: inherit\"><span style=\"vertical-align: inherit\"><br \/>\n<\/span><\/span><span style=\"color: #ffffff\"><span style=\"font-family: Montserrat, serif\"><b>\u2013 Geben Sie <\/b><\/span><\/span><span style=\"color: #ffff99\"><span style=\"font-family: Montserrat, serif\"><b>Dan Brown<\/b><\/span><\/span><span style=\"color: #ffffff\"><span style=\"font-family: Montserrat, serif\"><b> anstelle von The Da Vinci Code ein.<br \/>\n<\/b><\/span><\/span><span style=\"color: #ffffff\">\u2013<\/span><span style=\"color: #ffffff\"> <span style=\"font-family: Montserrat, serif\"><b>oder Typ <\/b><\/span><\/span><span style=\"color: #e80f6f\"><span style=\"font-family: Montserrat, serif\"><b>rote Turnschuhe<br \/>\n<\/b><\/span><\/span><span style=\"color: #ffffff\"><span style=\"font-family: Montserrat, serif\"><b>\u2013 oder Typ<\/b><\/span><\/span><span style=\"color: #e80f6f\"><span style=\"font-family: Montserrat, serif\"><b> rosa iphone<\/b><\/span><\/span><\/li>\n<li><span style=\"color: #ffffff\"><span style=\"font-family: Montserrat, serif\">Geben Sie <\/span><\/span><span style=\"color: #ffff66\"><span style=\"font-family: Montserrat, serif\">XMK77<\/span><\/span><span style=\"color: #ffffff\"><span style=\"font-family: Montserrat, serif\"> ein, um WooCommerce Search by SKU zu testen.<\/span><\/span><\/li>\n<li><span style=\"color: #ffffff\"><span style=\"font-family: Montserrat, serif\">Geben Sie <\/span><\/span><span style=\"color: #ffff66\"><span style=\"font-family: Montserrat, serif\">daasdsadsa <\/span><\/span><span style=\"color: #ffffff\"><span style=\"font-family: Montserrat, serif\">ein, um die Meldung &#8220;no match+suggestions&#8221; zu testen.<\/span><\/span><\/li>\n<li><span style=\"color: #ffffff\"><span style=\"font-family: Montserrat, serif\">Geben Sie die <\/span><\/span><span style=\"color: #ffff66\"><span style=\"font-family: Montserrat, serif\">Kamera<\/span><\/span><span style=\"color: #ffffff\"><span style=\"font-family: Montserrat, serif\"> ein, um die Suche nach Kategorie zu testen.<\/span><\/span><i style=\"color: red;font-weight: bold\"><\/i><\/li>\n<li><span style=\"color: #ffffff\"><span style=\"font-family: Montserrat, serif\">Geben Sie <\/span><\/span><span style=\"color: #ffff66\"><span style=\"font-family: Montserrat, serif\">ebook reader <\/span><\/span><span style=\"color: #ffffff\"><span style=\"font-family: Montserrat, serif\">oder bike ein, um die Suche nach Synonymen zu testen.<\/span><\/span><\/li>\n<\/ul>\n<h4 class=\"western\" align=\"center\"><span style=\"color: #ffffff\"><span style=\"font-family: Montserrat, serif\"><span style=\"font-size: large\">Alle diese Prozesse sind live, ohne Serverauslastung und Wartezeit!<\/span><\/span><\/span><\/h4>\n<p><span style=\"vertical-align: inherit\"><span style=\"vertical-align: inherit\">Und diese sind nur einige Merkmale. <\/span><span style=\"vertical-align: inherit\">Das Plugin hat viele weitere Privilegien, die Ihr Shop ben\u00f6tigt &#8230;<\/span><\/span><br \/>\n<a class=\"checkout-button button alt wc-forward\" href=\"http:\/\/codecanyon.net\/item\/woo-search-box\/15685698?ref=Guaven\" target=\"_blank\" rel=\"noopener noreferrer\">Herunterladen<\/a> oder <a class=\"checkout-button button alt wc-forward\" style=\"background-color: #25ccbe;border-bottom: 4px solid #25ccbe\" href=\"https:\/\/guaven.com\/contact\/consultation\/\" target=\"_blank\" rel=\"noopener noreferrer\">Stelle eine Fragen<\/a><\/p>\n<p align=\"center\"><a href=\"http:\/\/codecanyon.net\/item\/woo-search-box\/15685698?ref=Guaven\"><img decoding=\"async\" src=\"https:\/\/guaven.com\/demos\/digishop\/wp-content\/uploads\/2016\/11\/wsb-2016-11-16_19.03.18.gif\" \/><\/a><\/p>\n<p align=\"center\"><a href=\"http:\/\/codecanyon.net\/item\/woo-search-box\/15685698?ref=Guaven\"><img decoding=\"async\" src=\"http:\/\/demo.guaven.com\/woo-search-box\/wp-content\/uploads\/sites\/2\/2017\/01\/nofee.png\" width=\"640\" \/><\/a><\/p>\n<p><span style=\"vertical-align: inherit\"><span style=\"vertical-align: inherit\">Wir k\u00f6nnen sicher sagen, dass &#8220;WooCommerce Search Box&#8221; Plugin eines der besten WooCommerce Plugins aller Zeiten ist.<\/span><\/span><\/p>\n<p align=\"center\"><a class=\"checkout-button button alt wc-forward\" href=\"http:\/\/codecanyon.net\/item\/woo-search-box\/15685698?ref=Guaven\" target=\"_blank\" rel=\"noopener noreferrer\"><span style=\"vertical-align: inherit\"><span style=\"vertical-align: inherit\">Holen Sie sich das Plugin jetzt<\/span><\/span><br \/>\n<\/a><span style=\"vertical-align: inherit\"><span style=\"vertical-align: inherit\"> oder stellen <\/span><\/span><a class=\"checkout-button button alt wc-forward\" style=\"background-color: #25ccbe;border-bottom: 4px solid #25ccbe\" href=\"https:\/\/guaven.com\/contact\/consultation\/\" target=\"_blank\" rel=\"noopener noreferrer\"><span style=\"vertical-align: inherit\"><span style=\"vertical-align: inherit\">Sie eine Frage<\/span><\/span><\/a><\/p>\n<\/div>\n<p>&nbsp;<br \/>\n<span style=\"color: #545454\"><span style=\"font-size: medium\">WSE ist ein sehr leistungsf\u00e4higes und einfach zu bedienendes WooCommerce Such-Plugin, das ein einfaches Suchfeld Ihres WooCommerce Shops in eine leistungsstarke, multifunktionale Zauberbox verwandelt, die Ihnen hilft, mehr Produkte zu verkaufen. Das Plugin UI ist mit <\/span><\/span><span style=\"color: #545454\"><span style=\"font-size: medium\"><b>allen Modellen kompatibel.<\/b><\/span><\/span><\/p>\n<ol>\n<li><span style=\"color: #545454\"><span style=\"font-size: medium\"><b>Smart autocorrected search:<\/b><\/span><\/span><span style=\"color: #545454\"><span style=\"font-size: medium\"> If your client types incorrect product name(f.e. \u201csmartfon\u201d instead of \u201csmartphone\u201d), our smart algorithm recognizes it and shows relevant results.<\/span><\/span><\/li>\n<li><span style=\"color: #545454\"><span style=\"font-size: medium\"><b>Suche nach Tags, SKU, Taxonomien, Kategorien und Attributen:<\/b><\/span><\/span><span style=\"color: #545454\"><span style=\"font-size: medium\"> Mit dem Modul k\u00f6nnen Sie ein Suchfeld erstellen, das die Produkte nach Produkttitel, Beschreibung, einem beliebigen benutzerdefinierten Feld, Produkt-Tag, Kategorie, Attributen usw. findet, was sehr n\u00fctzlich ist. Das Modul bietet auch eine WooCommerce-Suche nach SKU.<\/span><\/span><\/li>\n<li><span style=\"color: #545454\"><span style=\"font-size: medium\"><b>Suche nach Synonymen: <\/b><\/span><\/span><span style=\"color: #545454\"><span style=\"font-size: medium\">Platzieren Sie benutzerdefinierte Synonympaare und das Programm ber\u00fccksichtigt diese.<\/span><\/span><\/li>\n<li><span style=\"color: #545454\"><span style=\"font-size: medium\"><b>Suchergebnisseite <\/b><\/span><\/span><span style=\"color: #545454\"><span style=\"font-size: medium\">&#8211; Bietet die gleichen intelligenten Suchergebnisse f\u00fcr die Suchergebnisseite Ihres Themas (die Seite, die nach dem Dr\u00fccken einer Eingabetaste erscheint) &#8211; ohne die Benutzeroberfl\u00e4che Ihres Themas zu \u00e4ndern.<\/span><\/span><\/li>\n<li><span style=\"color: #545454\"><span style=\"font-size: medium\"><b>Search Analytics: <\/b><\/span><\/span><span style=\"color: #545454\"><span style=\"font-size: medium\">Verfolgen Sie, was Ihre Besucher versucht haben zu suchen. Entdecken Sie neue Produkte, die Ihre Besucher w\u00fcnschen und die Sie noch nicht haben.<\/span><\/span><\/li>\n<li><span style=\"color: #545454\"><span style=\"font-size: medium\"><b>Trendprodukte: <\/b><\/span><\/span><span style=\"color: #545454\"><span style=\"font-size: medium\">(Neu!) Zeigen Sie Ihren Kunden hei\u00dfe Trendprodukte Ihrer Website. Das Modul bietet eine einzigartige M\u00f6glichkeit, um Trendprodukte zu definieren.<\/span><\/span><\/li>\n<li><span style=\"color: #545454\"><span style=\"font-size: medium\"><b>Ausgew\u00e4hlte Produkte:<\/b><\/span><\/span><span style=\"color: #545454\"><span style=\"font-size: medium\"> Zeigen Sie Ihren Besuchern ausgew\u00e4hlte Produkte, bevor sie mit der Suche beginnen.<\/span><\/span><\/li>\n<li><span style=\"color: #545454\"><span style=\"font-size: medium\"><b>K\u00fcrzlich besuchte Produkte:<\/b><\/span><\/span><span style=\"color: #545454\"><span style=\"font-size: medium\"> Zeigen Sie Ihren Besuchern die zuletzt besuchten Produkte an.<\/span><\/span><\/li>\n<li><span style=\"color: #545454\"><span style=\"font-size: medium\"><b>Alle Varianten w\u00e4hrend der Suche anzeigen<\/b><\/span><\/span><\/li>\n<li><span style=\"color: #545454\"><span style=\"font-size: medium\">Und noch ein paar weitere Features, die Ihnen gefallen k\u00f6nnten<\/span><\/span><\/li>\n<\/ol>\n","protected":false},"excerpt":{"rendered":"<p>Verwandelt Ihr bestehendes Suchformular in eine MAGISCHE SUCHBOX mit intelligenten und schnellen Vorschl\u00e4gen &#8211; ohne zus\u00e4tzliche Codierung! \u201cWooCommerce Search Box\u201d ist ein sehr leistungsstarkes und einfach zu bedienendes WooCommerce Such-Plugin, das ein einfaches Suchfeld aus Ihrem WooCommerce Store in die leistungsstarke multifunktionale Zauberbox verwandelt, die Ihnen hilft, mehr Produkte zu verkaufen. Die Plugin-Benutzeroberfl\u00e4che ist mit [&hellip;]<\/p>\n","protected":false},"author":1,"featured_media":0,"parent":103,"menu_order":0,"comment_status":"closed","ping_status":"closed","template":"template-full-width.php","meta":{"footnotes":""},"class_list":["post-224","page","type-page","status-publish","hentry"],"_links":{"self":[{"href":"https:\/\/demo.guaven.com\/woo-search-box\/wp-json\/wp\/v2\/pages\/224","targetHints":{"allow":["GET"]}}],"collection":[{"href":"https:\/\/demo.guaven.com\/woo-search-box\/wp-json\/wp\/v2\/pages"}],"about":[{"href":"https:\/\/demo.guaven.com\/woo-search-box\/wp-json\/wp\/v2\/types\/page"}],"author":[{"embeddable":true,"href":"https:\/\/demo.guaven.com\/woo-search-box\/wp-json\/wp\/v2\/users\/1"}],"replies":[{"embeddable":true,"href":"https:\/\/demo.guaven.com\/woo-search-box\/wp-json\/wp\/v2\/comments?post=224"}],"version-history":[{"count":2,"href":"https:\/\/demo.guaven.com\/woo-search-box\/wp-json\/wp\/v2\/pages\/224\/revisions"}],"predecessor-version":[{"id":519,"href":"https:\/\/demo.guaven.com\/woo-search-box\/wp-json\/wp\/v2\/pages\/224\/revisions\/519"}],"up":[{"embeddable":true,"href":"https:\/\/demo.guaven.com\/woo-search-box\/wp-json\/wp\/v2\/pages\/103"}],"wp:attachment":[{"href":"https:\/\/demo.guaven.com\/woo-search-box\/wp-json\/wp\/v2\/media?parent=224"}],"curies":[{"name":"wp","href":"https:\/\/api.w.org\/{rel}","templated":true}]}}