{"id":228,"date":"2016-12-31T08:26:50","date_gmt":"2016-12-31T08:26:50","guid":{"rendered":"https:\/\/guaven.com\/demos\/woocommerce-search-box\/?page_id=228"},"modified":"2018-07-18T13:07:58","modified_gmt":"2018-07-18T13:07:58","slug":"fr-boite-de-recherche-woocommerce-boite-de-recherche-intelligente","status":"publish","type":"page","link":"https:\/\/demo.guaven.com\/woo-search-box\/woocommerce-search-box-demo\/fr-boite-de-recherche-woocommerce-boite-de-recherche-intelligente\/","title":{"rendered":"Fran\u00e7ais &#8211;  &quot;Bo\u00eete de recherche WooCommerce&quot; &#8211; Bo\u00eete de recherche intelligente"},"content":{"rendered":"<aside id=\"sidebar\" class=\"widget widget_search woos_search\" style=\"width: 96%; display: block; float: none;\">\n<form class=\"search-form\" action=\"https:\/\/demo.guaven.com\/woo-search-box\" method=\"get\"><label><input class=\"search-field\" style=\"width: 90%; padding: 13px 15px 12px 15px;\" name=\"s\" type=\"search\" value=\"\" placeholder=\"Search...\" \/><\/label><input name=\"post_type\" type=\"hidden\" value=\"product\" \/><input class=\"search-submit\" style=\"width: 10%;\" type=\"submit\" value=\"Search\" \/><\/form>\n<\/aside>\n<p>\u00abWooCommerce Search Box\u00bb est un tr\u00e8s puissant et facile \u00e0 utiliser WooCommerce Search Plugin qui transforme une simple bo\u00eete de recherche de votre magasin WooCommerce \u00e0 la puissante bo\u00eete multifonctionnelle magique qui vous aide \u00e0 vendre plus de produits. L&#8217;interface utilisateur du plug-in est compatible avec tous les th\u00e8mes.<br \/>\nLightning Fast Recherche par nom de produit, description, synonymes, SKU, \u00e9tiquettes de produits, champs et attributs personnalis\u00e9s!<br \/>\nTransforme votre formulaire de recherche EXISTANT en MAGIC SEARCH BOX avec des suggestions rapides et intelligentes &#8211; aucun codage suppl\u00e9mentaire!<br \/>\nPour tester le r\u00e9solveur de typo, tapez <strong>Ciaomi<\/strong> au lieu de <strong>Xiaomi<\/strong> ou tapez Volsvagen au lieu de Volkswagen.<br \/>\nPour tester la fonctionnalit\u00e9 multi-s\u00e9quence, tapez <strong>Touch Amazon<\/strong> au lieu d&#8217; <strong>Amazon Kindle Touch<\/strong> ou tapez <strong>Apple Phone<\/strong> au lieu d&#8217; <strong>iPhone<\/strong>.<br \/>\nPour tester des lettres sp\u00e9ciales r\u00e9solu <strong>Francaise de cafe<\/strong> au lieu de <strong>Fran\u00e7aise de caf\u00e9<\/strong>.<br \/>\nPour tester la recherche par des champs personnalis\u00e9s + caract\u00e9ristique, tapez <strong>Dan Brown<\/strong> au lieu de <strong>The Da Vinci Code<\/strong> ou tapez pink iphone<br \/>\nTapez <strong>XMK77<\/strong> pour tester la recherche WooCommerce par fonction SKU.<br \/>\nTapez <strong>daasdsadsa<\/strong> pour tester le message &#8220;pas de correspondance + suggestions&#8221;.<br \/>\nTapez la <strong>Camera<\/strong> pour tester la recherche par cat\u00e9gorie.<br \/>\nType  <strong>ebook reader<\/strong> ou <strong>bike<\/strong>  pour tester la recherche par fonction de synonyme.<br \/>\nTous ces processus sont en direct, sans chargement du serveur et temps d&#8217;attente!<br \/>\nEt ceux-ci ne sont que quelques caract\u00e9ristiques. Le plugin a beaucoup d&#8217;autres privil\u00e8ges dont votre magasin a besoin &#8230;<br \/>\nAcheter maintenant<br \/>\nNous pouvons certainement dire que &#8220;WooCommerce Search Box&#8221; plugin est l&#8217;un des meilleurs plugins WooCommerce jamais.<br \/>\nMoteur de recherche intelligent et magique<br \/>\nR\u00e9solution de probl\u00e8mes: Si votre client tape un nom de produit incorrect (par exemple, &#8220;smartfon&#8221; au lieu de &#8220;smartphone&#8221;), notre algorithme intelligent le reconna\u00eet et affiche des r\u00e9sultats pertinents.<br \/>\nString multi-s\u00e9quence: Si vous avez un produit appel\u00e9 &#8220;Apple iPhone White Case&#8221;, mais votre client types &#8220;cas iPhone&#8221;, &#8220;cas Apple t\u00e9l\u00e9phone&#8221;, &#8220;cas iPhone blanc&#8221; etc &#8211; le plugin reconna\u00eet et montre tous les produits correspondants.<br \/>\nRecherche par param\u00e8tres: Le plugin vous permet de construire une bo\u00eete de recherche qui trouve les produits par titre produtct, description, tout champ personnalis\u00e9, \u00e9tiquette de produit, cat\u00e9gorie de produit, attributs de produit etc qui est tr\u00e8s utile. Le plugin fournit \u00e9galement la recherche WooCommerce par SKU.<br \/>\nRecherche par synonymes. Placer plusieurs paires de synonymes personnalis\u00e9s et le plugin prendra en compte.<br \/>\nAfficher toutes les vari\u00e9t\u00e9s pendant la recherche<br \/>\nEt quelques autres fonctionnalit\u00e9s int\u00e9ressantes<br \/>\nBackend Search &#8211; Passe les r\u00e9sultats de recherche intelligents vers le backend (apr\u00e8s saisir la presse) NOUVEAU!<br \/>\nRechercher des analyses &#8211; Suivre ce que vos visiteurs ont essay\u00e9 de rechercher. NOUVEAU!<\/p>\n","protected":false},"excerpt":{"rendered":"<p>\u00abWooCommerce Search Box\u00bb est un tr\u00e8s puissant et facile \u00e0 utiliser WooCommerce Search Plugin qui transforme une simple bo\u00eete de recherche de votre magasin WooCommerce \u00e0 la puissante bo\u00eete multifonctionnelle magique qui vous aide \u00e0 vendre plus de produits. L&#8217;interface utilisateur du plug-in est compatible avec tous les th\u00e8mes. Lightning Fast Recherche par nom de [&hellip;]<\/p>\n","protected":false},"author":1,"featured_media":0,"parent":103,"menu_order":0,"comment_status":"closed","ping_status":"closed","template":"template-full-width.php","meta":{"footnotes":""},"class_list":["post-228","page","type-page","status-publish","hentry"],"_links":{"self":[{"href":"https:\/\/demo.guaven.com\/woo-search-box\/wp-json\/wp\/v2\/pages\/228","targetHints":{"allow":["GET"]}}],"collection":[{"href":"https:\/\/demo.guaven.com\/woo-search-box\/wp-json\/wp\/v2\/pages"}],"about":[{"href":"https:\/\/demo.guaven.com\/woo-search-box\/wp-json\/wp\/v2\/types\/page"}],"author":[{"embeddable":true,"href":"https:\/\/demo.guaven.com\/woo-search-box\/wp-json\/wp\/v2\/users\/1"}],"replies":[{"embeddable":true,"href":"https:\/\/demo.guaven.com\/woo-search-box\/wp-json\/wp\/v2\/comments?post=228"}],"version-history":[{"count":2,"href":"https:\/\/demo.guaven.com\/woo-search-box\/wp-json\/wp\/v2\/pages\/228\/revisions"}],"predecessor-version":[{"id":516,"href":"https:\/\/demo.guaven.com\/woo-search-box\/wp-json\/wp\/v2\/pages\/228\/revisions\/516"}],"up":[{"embeddable":true,"href":"https:\/\/demo.guaven.com\/woo-search-box\/wp-json\/wp\/v2\/pages\/103"}],"wp:attachment":[{"href":"https:\/\/demo.guaven.com\/woo-search-box\/wp-json\/wp\/v2\/media?parent=228"}],"curies":[{"name":"wp","href":"https:\/\/api.w.org\/{rel}","templated":true}]}}