{"id":230,"date":"2016-12-31T08:27:52","date_gmt":"2016-12-31T08:27:52","guid":{"rendered":"https:\/\/guaven.com\/demos\/woocommerce-search-box\/?page_id=230"},"modified":"2018-07-18T13:07:51","modified_gmt":"2018-07-18T13:07:51","slug":"es-woocommerce-search-box-caja-de-busqueda-inteligente","status":"publish","type":"page","link":"https:\/\/demo.guaven.com\/woo-search-box\/woocommerce-search-box-demo\/es-woocommerce-search-box-caja-de-busqueda-inteligente\/","title":{"rendered":"Espa\u00f1ol &#8211; &quot;WooCommerce Search Engine&quot; &#8211; Caja de b\u00fasqueda inteligente."},"content":{"rendered":"<aside id=\"sidebar\" class=\"widget widget_search woos_search\" style=\"width: 96%; display: block; float: none;\">\n<form class=\"search-form\" action=\"https:\/\/demo.guaven.com\/woo-search-box\/\" method=\"get\"><label><input class=\"search-field\" style=\"width: 90%; padding: 13px 15px 12px 15px;\" name=\"s\" type=\"search\" value=\"\" placeholder=\"Search...\" \/><\/label><input name=\"post_type\" type=\"hidden\" value=\"product\" \/><input class=\"search-submit\" style=\"width: 10%;\" type=\"submit\" value=\"Search\" \/><\/form>\n<\/aside>\n<p>&#8220;WooCommerce Search Box&#8221; es un plugin de b\u00fasqueda de WooCommerce muy potente y f\u00e1cil de usar que convierte una simple caja de b\u00fasqueda de su tienda WooCommerce en la potente caja m\u00e1gica multifuncional que le ayuda a vender m\u00e1s productos. La IU del complemento es compatible con todos los temas.<br \/>\nLightning Fast B\u00fasqueda por nombre de producto, descripci\u00f3n, sin\u00f3nimos, SKU, etiquetas del producto, campos y atributos de encargo!<br \/>\nConvierte su formulario de b\u00fasqueda EXISTENTE en MAGIC SEARCH BOX con sugerencias inteligentes y r\u00e1pidas &#8211; \u00a1sin ninguna codificaci\u00f3n adicional!<br \/>\nPara probar el resolver tipogr\u00e1fico, escriba <strong>Ciaomi<\/strong> en lugar de <strong>Xiaomi<\/strong> o escriba <strong>Volsvagen<\/strong> en lugar de <strong>Volkswagen<\/strong>.<br \/>\nPara probar la funci\u00f3n de varias secuencias, escriba <strong>Touch Amazon <\/strong>en lugar de <strong>Amazon Kindle Touch<\/strong> o escriba <strong>Apple Phone<\/strong> en lugar de <strong>iPhone<\/strong>.<br \/>\nPara probar cartas especiales resolver Francaise de cafe en lugar de Fran\u00e7aise de caf\u00e9.<br \/>\nPara probar la b\u00fasqueda por campos personalizados + funci\u00f3n de atributos, escriba <strong>Dan Brown<\/strong> en lugar de <strong>The Da Vinci Code<\/strong> o escriba pink iphone<br \/>\nEscriba <strong>XMK77<\/strong> para probar la b\u00fasqueda de WooCommerce por caracter\u00edstica de SKU.<br \/>\nEscriba <strong>daasdsadsa<\/strong> para probar el mensaje &#8220;sin coincidencia + sugerencias&#8221;.<br \/>\nEscriba la <strong>camera<\/strong> para probar la funci\u00f3n de b\u00fasqueda por categor\u00eda.<br \/>\nTipo de <strong>ebook reader<\/strong> o de la <strong>bike<\/strong> para probar la b\u00fasqueda por caracter\u00edstica sin\u00f3nimo.<br \/>\nTodos estos procesos est\u00e1n en vivo, sin carga del servidor y tiempo de espera!<br \/>\nY estos son s\u00f3lo algunas caracter\u00edsticas. El complemento tiene muchos otros privilegios que tu tienda necesita &#8230;<br \/>\nComprar ahora<br \/>\nSeguramente podemos decir que &#8220;WooCommerce Search Box&#8221; plugin es uno de los mejores plugins de WooCommerce nunca.<br \/>\nMotor de b\u00fasqueda inteligente y m\u00e1gico<br \/>\nSoluci\u00f3n de problemas: Si su cliente escribe un nombre de producto incorrecto (por ejemplo, &#8220;smartfon&#8221; en lugar de &#8220;smartphone&#8221;), nuestro algoritmo inteligente lo reconoce y muestra resultados relevantes.<br \/>\nSecuencia multi-secuencia: Si tienes un producto llamado &#8220;Apple iPhone White Case&#8221;, pero tu cliente tipifica &#8220;caso iPhone&#8221;, &#8220;Apple phone case&#8221;, &#8220;white iPhone case&#8221; etc &#8211; el plugin lo reconoce y muestra todos los productos correspondientes.<br \/>\nB\u00fasqueda por par\u00e1metros: El complemento te permite crear un cuadro de b\u00fasqueda que encuentre los productos por t\u00edtulo, descripci\u00f3n, cualquier campo personalizado, etiqueta de producto, categor\u00eda de producto, atributos del producto, etc., que es muy \u00fatil. El complemento tambi\u00e9n proporciona la b\u00fasqueda de WooCommerce por SKU.<br \/>\nB\u00fasqueda por sin\u00f3nimos. Coloque varios pares de sin\u00f3nimos personalizados y el complemento lo tendr\u00e1 en cuenta.<br \/>\nMostrar todas las variantes durante la b\u00fasqueda<br \/>\nY algunas otras grandes caracter\u00edsticas que te podr\u00edan gustar<br \/>\nBackend Search &#8211; Pasar los resultados de b\u00fasqueda inteligentes frontend (despu\u00e9s de entrar en prensa) NUEVO!<br \/>\nAnalytics de b\u00fasqueda: realiza un seguimiento de lo que tus visitantes intentaron buscar. \u00a1NUEVO!<\/p>\n","protected":false},"excerpt":{"rendered":"<p>&#8220;WooCommerce Search Box&#8221; es un plugin de b\u00fasqueda de WooCommerce muy potente y f\u00e1cil de usar que convierte una simple caja de b\u00fasqueda de su tienda WooCommerce en la potente caja m\u00e1gica multifuncional que le ayuda a vender m\u00e1s productos. La IU del complemento es compatible con todos los temas. Lightning Fast B\u00fasqueda por nombre [&hellip;]<\/p>\n","protected":false},"author":1,"featured_media":0,"parent":103,"menu_order":0,"comment_status":"closed","ping_status":"closed","template":"template-full-width.php","meta":{"footnotes":""},"class_list":["post-230","page","type-page","status-publish","hentry"],"_links":{"self":[{"href":"https:\/\/demo.guaven.com\/woo-search-box\/wp-json\/wp\/v2\/pages\/230","targetHints":{"allow":["GET"]}}],"collection":[{"href":"https:\/\/demo.guaven.com\/woo-search-box\/wp-json\/wp\/v2\/pages"}],"about":[{"href":"https:\/\/demo.guaven.com\/woo-search-box\/wp-json\/wp\/v2\/types\/page"}],"author":[{"embeddable":true,"href":"https:\/\/demo.guaven.com\/woo-search-box\/wp-json\/wp\/v2\/users\/1"}],"replies":[{"embeddable":true,"href":"https:\/\/demo.guaven.com\/woo-search-box\/wp-json\/wp\/v2\/comments?post=230"}],"version-history":[{"count":2,"href":"https:\/\/demo.guaven.com\/woo-search-box\/wp-json\/wp\/v2\/pages\/230\/revisions"}],"predecessor-version":[{"id":515,"href":"https:\/\/demo.guaven.com\/woo-search-box\/wp-json\/wp\/v2\/pages\/230\/revisions\/515"}],"up":[{"embeddable":true,"href":"https:\/\/demo.guaven.com\/woo-search-box\/wp-json\/wp\/v2\/pages\/103"}],"wp:attachment":[{"href":"https:\/\/demo.guaven.com\/woo-search-box\/wp-json\/wp\/v2\/media?parent=230"}],"curies":[{"name":"wp","href":"https:\/\/api.w.org\/{rel}","templated":true}]}}