{"id":265,"date":"2017-03-03T15:00:49","date_gmt":"2017-03-03T15:00:49","guid":{"rendered":"https:\/\/guaven.com\/demos\/woocommerce-search-box\/?page_id=265"},"modified":"2018-07-18T13:08:06","modified_gmt":"2018-07-18T13:08:06","slug":"portuguese","status":"publish","type":"page","link":"https:\/\/demo.guaven.com\/woo-search-box\/woocommerce-search-box-demo\/portuguese\/","title":{"rendered":"Portuguese &#8211; M\u00f3dulo de busca do WooCommerce"},"content":{"rendered":"<aside id=\"sidebar\" class=\"widget widget_search woos_search\" style=\"width: 96%; display: block; float: none;\">\n<form class=\"search-form\" action=\"https:\/\/demo.guaven.com\/woo-search-box\" method=\"get\"><label><input class=\"search-field\" style=\"width: 90%; padding: 13px 15px 12px 15px;\" name=\"s\" type=\"search\" value=\"\" placeholder=\"Search...\" \/><\/label><input name=\"post_type\" type=\"hidden\" value=\"product\" \/><input class=\"search-submit\" style=\"width: 10%;\" type=\"submit\" value=\"Search\" \/><\/form>\n<\/aside>\n<div style=\"width: 100%;min-height: 120px;background: #96588a;padding-top: 30px;padding-bottom: 30px;color: white;text-align: center\">\n<h4 style=\"color: white\">Transforma seu formul\u00e1rio de pesquisa EXISTENTE em MAGIC SEARCH BOX com sugest\u00f5es inteligentes e r\u00e1pidas &#8211; sem qualquer codifica\u00e7\u00e3o adicional!<\/h4>\n<ul style=\"text-align: left;margin-left: auto;margin-right: auto;width: 75%;margin-bottom: 15px\">\n<li>Para testar o <b style=\"color: yellow\">resolvedor<\/b> typo, digite <b style=\"color: yellow\">Ciaomi<\/b> em vez de <b>Xiaomi<\/b> ou tipo <b style=\"color: yellow\">Volsvagen<\/b> em vez de <b>Volkswagen<\/b> .<\/li>\n<li>Para testar o recurso de v\u00e1rias seq\u00fc\u00eancias, digite <b style=\"color: yellow\">Touch Amazon<\/b> em vez de <b>Amazon Kindle Touch<\/b> ou digite o <b style=\"color: yellow\">Apple Phone<\/b> em vez do <b>iPhone<\/b> .<\/li>\n<li>Para testar cartas <b style=\"color: yellow\">especiais<\/b> resolver <b style=\"color: yellow\">Francaise de caf\u00e9<\/b> em vez de <b>Fran\u00e7aise de caf\u00e9<\/b> .<\/li>\n<li>Para testar a pesquisa por campos personalizados + recurso de atributos, digite <b style=\"color: yellow\">Dan Brown<\/b> em vez de <b>O C\u00f3digo Da Vinci<\/b> ou digite <b style=\"color: #e80f6f\">iphone rose<\/b><\/li>\n<li>Digite <b style=\"color: yellow\">XMK77<\/b> para testar o <strong>recurso WooCommerce Search por SKU<\/strong> .<\/li>\n<li>Digite <b style=\"color: yellow\">daasdsadsa<\/b> para testar a <b style=\"color: yellow\">mensagem<\/b> &#8220;sem correspond\u00eancia + sugest\u00f5es&#8221;.<\/li>\n<li>Digite a <b style=\"color: yellow\">c\u00e2mera<\/b> para testar a fun\u00e7\u00e3o de pesquisa por categoria.<\/li>\n<li>Tipo <b style=\"color: yellow\">ebook reader<\/b> ou <b style=\"color: yellow\">bike<\/b>\u00a0para testar a pesquisa por recurso de sin\u00f4nimo.<i style=\"color: red;font-weight: bold\"><\/i><\/li>\n<\/ul>\n<h4 style=\"color: white\">Todos esses processos s\u00e3o ao vivo, sem carga do servidor e tempo de espera!<\/h4>\n<p>E estes s\u00e3o apenas alguns recursos. O plugin tem muitos outros privil\u00e9ggies que sua loja precisa &#8230;<br \/>\n<a class=\"checkout-button button alt wc-forward\" href=\"http:\/\/codecanyon.net\/item\/woo-search-box\/15685698?ref=Guaven\" target=\"_blank\">Compre agora<\/a><\/p>\n<p align=\"center\"><a href=\"http:\/\/codecanyon.net\/item\/woo-search-box\/15685698?ref=Guaven\"><img decoding=\"async\" src=\"https:\/\/guaven.com\/demos\/digishop\/wp-content\/uploads\/2016\/11\/wsb-2016-11-16_19.03.18.gif\" \/><\/a><\/p>\n<p align=\"center\"><a href=\"http:\/\/codecanyon.net\/item\/woo-search-box\/15685698?ref=Guaven\"><img decoding=\"async\" src=\"http:\/\/demo.guaven.com\/woo-search-box\/wp-content\/uploads\/sites\/2\/2017\/01\/nofee.png\" width=\"640\" \/><\/a><\/p>\n<p>Podemos certamente dizer que &#8220;WooCommerce Search Box&#8221; plugin \u00e9 um dos melhores plugins WooCommerce nunca.<\/p>\n<p align=\"center\"><a class=\"checkout-button button alt wc-forward\" href=\"http:\/\/codecanyon.net\/item\/woo-search-box\/15685698?ref=Guaven\" target=\"_blank\">Obtenha o Plugin agora<br \/>\n<\/a><\/p>\n<\/div>\n","protected":false},"excerpt":{"rendered":"<p>Transforma seu formul\u00e1rio de pesquisa EXISTENTE em MAGIC SEARCH BOX com sugest\u00f5es inteligentes e r\u00e1pidas &#8211; sem qualquer codifica\u00e7\u00e3o adicional! Para testar o resolvedor typo, digite Ciaomi em vez de Xiaomi ou tipo Volsvagen em vez de Volkswagen . Para testar o recurso de v\u00e1rias seq\u00fc\u00eancias, digite Touch Amazon em vez de Amazon Kindle Touch [&hellip;]<\/p>\n","protected":false},"author":1,"featured_media":0,"parent":103,"menu_order":0,"comment_status":"closed","ping_status":"closed","template":"","meta":{"footnotes":""},"class_list":["post-265","page","type-page","status-publish","hentry"],"_links":{"self":[{"href":"https:\/\/demo.guaven.com\/woo-search-box\/wp-json\/wp\/v2\/pages\/265","targetHints":{"allow":["GET"]}}],"collection":[{"href":"https:\/\/demo.guaven.com\/woo-search-box\/wp-json\/wp\/v2\/pages"}],"about":[{"href":"https:\/\/demo.guaven.com\/woo-search-box\/wp-json\/wp\/v2\/types\/page"}],"author":[{"embeddable":true,"href":"https:\/\/demo.guaven.com\/woo-search-box\/wp-json\/wp\/v2\/users\/1"}],"replies":[{"embeddable":true,"href":"https:\/\/demo.guaven.com\/woo-search-box\/wp-json\/wp\/v2\/comments?post=265"}],"version-history":[{"count":2,"href":"https:\/\/demo.guaven.com\/woo-search-box\/wp-json\/wp\/v2\/pages\/265\/revisions"}],"predecessor-version":[{"id":518,"href":"https:\/\/demo.guaven.com\/woo-search-box\/wp-json\/wp\/v2\/pages\/265\/revisions\/518"}],"up":[{"embeddable":true,"href":"https:\/\/demo.guaven.com\/woo-search-box\/wp-json\/wp\/v2\/pages\/103"}],"wp:attachment":[{"href":"https:\/\/demo.guaven.com\/woo-search-box\/wp-json\/wp\/v2\/media?parent=265"}],"curies":[{"name":"wp","href":"https:\/\/api.w.org\/{rel}","templated":true}]}}