{"id":377,"date":"2017-10-28T12:13:52","date_gmt":"2017-10-28T12:13:52","guid":{"rendered":"https:\/\/guaven.com\/demos\/woocommerce-search-box\/?page_id=377"},"modified":"2018-07-18T13:08:20","modified_gmt":"2018-07-18T13:08:20","slug":"turkce-woocommerce-icin-akilli-arama-motoru","status":"publish","type":"page","link":"https:\/\/demo.guaven.com\/woo-search-box\/woocommerce-search-box-demo\/turkce-woocommerce-icin-akilli-arama-motoru\/","title":{"rendered":"T\u00fcrk\u00e7e &#8211; WooCommerce i\u00e7in ak\u0131ll\u0131 arama motoru"},"content":{"rendered":"<aside id=\"sidebar\" class=\"widget widget_search woos_search\" style=\"width: 96%; display: block; float: none;\">\n<form class=\"search-form\" action=\"https:\/\/demo.guaven.com\/woo-search-box\/\" method=\"get\"><label><input class=\"search-field\" style=\"width: 90%; padding: 13px 15px 12px 15px;\" name=\"s\" type=\"search\" value=\"\" placeholder=\"Search...\" \/><\/label><input name=\"post_type\" type=\"hidden\" value=\"product\" \/><input class=\"search-submit\" style=\"width: 10%;\" type=\"submit\" value=\"Search\" \/><\/form>\n<\/aside>\n<div style=\"width: 100%;min-height: 120px;background: #96588a;padding-top: 30px;padding-bottom: 30px;color: white;text-align: center\">\n<h4 style=\"color: white\"><span style=\"vertical-align: inherit\"><span style=\"vertical-align: inherit\">WooCommerce\u00a0 ma\u011fazan\u0131z i\u00e7in ak\u0131ll\u0131\u00a0 &#8220;WooCommerce Search Engine&#8221; arama motoru \u00fcr\u00fcnlerinizin m\u00fc\u015fteriler taraf\u0131ndan kolayca bulunmas\u0131n\u0131 sa\u011flar. &#8211; Kurulum i\u00e7in herhangi bir ek kodlamaya gerek yoktur!<\/span><\/span><\/h4>\n<ul style=\"text-align: left;margin-left: auto;margin-right: auto;width: 75%;margin-bottom: 15px\">\n<li><span style=\"vertical-align: inherit\"><span style=\"vertical-align: inherit\">Yaz\u0131m hatas\u0131 \u00e7\u00f6z\u00fcmleyicinizi test etmek i\u00e7in,\u00a0<\/span><\/span><strong style=\"color: yellow\"><span style=\"vertical-align: inherit\"><span style=\"vertical-align: inherit\">Shwarskof<\/span><\/span><\/strong><span style=\"vertical-align: inherit\"><span style=\"vertical-align: inherit\">\u00a0 yerine\u00a0<\/span><\/span><strong><span style=\"vertical-align: inherit\"><span style=\"vertical-align: inherit\">Schwarzkopf,<\/span><\/span><\/strong><span style=\"vertical-align: inherit\"><span style=\"vertical-align: inherit\">\u00a0 \u00a0<\/span><\/span><b style=\"color: yellow\"><span style=\"vertical-align: inherit\"><span style=\"vertical-align: inherit\">Shaomi<\/span><\/span><\/b><span style=\"vertical-align: inherit\"><span style=\"vertical-align: inherit\"> yerine <\/span><\/span><b><span style=\"vertical-align: inherit\"><span style=\"vertical-align: inherit\">Xiaomi,<\/span><\/span><\/b><span style=\"vertical-align: inherit\"><span style=\"vertical-align: inherit\">\u00a0\u00a0<\/span><\/span><b style=\"color: yellow\"><span style=\"vertical-align: inherit\"><span style=\"vertical-align: inherit\">Volsvagen<\/span><\/span><\/b><span style=\"vertical-align: inherit\"><span style=\"vertical-align: inherit\"> yerine <\/span><\/span><b><span style=\"vertical-align: inherit\"><span style=\"vertical-align: inherit\">Volkswagen <\/span><\/span><\/b><span style=\"vertical-align: inherit\"><span style=\"vertical-align: inherit\">yaz\u0131n<\/span><\/span><span style=\"vertical-align: inherit\"><span style=\"vertical-align: inherit\"> .<\/span><\/span><\/li>\n<li><span style=\"vertical-align: inherit\"><span style=\"vertical-align: inherit\">\u00c7ok kombinasyonlu kar\u0131\u015f\u0131k arama \u00f6zelli\u011fini test etmek i\u00e7in <\/span><b><span style=\"vertical-align: inherit\">Amazon Kindle Touch<\/span><\/b><span style=\"vertical-align: inherit\"> yerine <\/span><\/span><b style=\"color: yellow\"><span style=\"vertical-align: inherit\"><span style=\"vertical-align: inherit\">Touch Amazon<\/span><\/span><\/b><span style=\"vertical-align: inherit\"><span style=\"vertical-align: inherit\"> yaz\u0131n veya <\/span><b><span style=\"vertical-align: inherit\">iPhone<\/span><\/b><span style=\"vertical-align: inherit\"> yerine <\/span><b style=\"color: yellow\"><span style=\"vertical-align: inherit\">Apple Phone<\/span><\/b><span style=\"vertical-align: inherit\"> yaz\u0131n <\/span><span style=\"vertical-align: inherit\">.<\/span><\/span><b><\/b><b style=\"color: yellow\"><\/b><b><\/b><\/li>\n<li><span style=\"vertical-align: inherit\"><span style=\"vertical-align: inherit\">Ak\u0131ll\u0131 harf (\u00fc-u,\u00f6-o,\u0131-i,\u00e7-c,\u015f-s ve.s.) \u00e7\u00f6z\u00fcmleyicini test etmek i\u00e7in\u00a0<\/span><\/span><b style=\"color: yellow\"><span style=\"vertical-align: inherit\"><span style=\"vertical-align: inherit\"><b>Fran\u00e7aise de caf\u00e9<\/b><\/span><\/span><\/b><span style=\"vertical-align: inherit\"><span style=\"vertical-align: inherit\">\u00a0yerine <\/span><\/span><b><span style=\"vertical-align: inherit\"><span style=\"vertical-align: inherit\">Fran\u00e7aise de kafe<\/span><\/span><\/b><span style=\"vertical-align: inherit\"><span style=\"vertical-align: inherit\"> .<\/span><\/span><\/li>\n<li><span style=\"vertical-align: inherit\"><span style=\"vertical-align: inherit\">\u00d6zel alanlar, atributlar ve diger veriler bazl\u0131 aramay\u0131 test etmek i\u00e7in, <\/span><\/span><br \/>\n<span style=\"vertical-align: inherit\"><span style=\"vertical-align: inherit\"><br \/>\n&#8211; <\/span><b><span style=\"vertical-align: inherit\">Da Vinci Kodu<\/span><\/b><span style=\"vertical-align: inherit\"> yerine <\/span><\/span><b style=\"color: yellow\"><span style=\"vertical-align: inherit\"><span style=\"vertical-align: inherit\">Dan Brown<\/span><\/span><\/b><span style=\"vertical-align: inherit\"><span style=\"vertical-align: inherit\"><br \/>\n<\/span><strong style=\"color: red\"><span style=\"vertical-align: inherit\">red sneakers <\/span><\/strong><span style=\"vertical-align: inherit\">\u00a0veya\u00a0<\/span><b style=\"color: #e80f6f\"><span style=\"vertical-align: inherit\">pink iphone\u00a0\u00a0<\/span><\/b><\/span>yaz\u0131n.<b style=\"color: #e80f6f\"><\/b><\/li>\n<li><span style=\"vertical-align: inherit\"><span style=\"vertical-align: inherit\">SKU numaras\u0131 aramas\u0131n\u0131 test etmek i\u00e7un\u00a0<\/span><\/span><b style=\"color: yellow\"><span style=\"vertical-align: inherit\"><span style=\"vertical-align: inherit\">XMK77<\/span><\/span><\/b><span style=\"vertical-align: inherit\"><span style=\"vertical-align: inherit\">\u00a0 yaz\u0131n.<\/span><\/span><\/li>\n<li><b style=\"color: yellow\"><span style=\"vertical-align: inherit\"><span style=\"vertical-align: inherit\">sdaasdsadsa<\/span><\/span><\/b><span style=\"vertical-align: inherit\"><span style=\"vertical-align: inherit\"> yazarak \u00fcr\u00fcn bulunmayanda \u00e7\u0131kan \u00f6nerileri test edin.<\/span><\/span><\/li>\n<li><span style=\"vertical-align: inherit\"><span style=\"vertical-align: inherit\">Kategori aramas\u0131 i\u00e7in\u00a0<\/span><\/span><b style=\"color: yellow\"><span style=\"vertical-align: inherit\"><span style=\"vertical-align: inherit\">camera<\/span><\/span><\/b><span style=\"vertical-align: inherit\"><span style=\"vertical-align: inherit\"> yaz\u0131n.<\/span><\/span><\/li>\n<li><b style=\"color: yellow\"><span style=\"vertical-align: inherit\"><span style=\"vertical-align: inherit\">Ebook reader<\/span> (amazon kindle yerine)<\/span><\/b><span style=\"vertical-align: inherit\"><span style=\"vertical-align: inherit\">\u00a0veya <\/span><\/span><b style=\"color: yellow\"><span style=\"vertical-align: inherit\"><span style=\"vertical-align: inherit\">bike<\/span> (bicycle yerine) <\/span><\/b><span style=\"vertical-align: inherit\"><span style=\"vertical-align: inherit\"> e\u015fanlaml\u0131 \u00f6zelli\u011fi test et.<\/span><\/span><i style=\"color: red;font-weight: bold\"><\/i><\/li>\n<\/ul>\n<h4 style=\"color: white\"><span style=\"vertical-align: inherit\"><span style=\"vertical-align: inherit\">T\u00fcm bu i\u015flemler, servere ba\u011flan\u0131p cevap beklemeden, canl\u0131-canl\u0131 \u00e7al\u0131\u015f\u0131yor! T\u00fcrk\u00e7e siteler ve i\u00e7erik i\u00e7in tam uygundur.<\/span><\/span><\/h4>\n<p><span style=\"vertical-align: inherit\"><span style=\"vertical-align: inherit\">Ve bunlar sadece baz\u0131 \u00f6zellikler. <\/span><span style=\"vertical-align: inherit\">Eklentinin, ma\u011fazan\u0131z\u0131n ihtiya\u00e7 duydu\u011fu ba\u015fka ayr\u0131cal\u0131klar\u0131 da var &#8230;<\/span><\/span><br \/>\n<a class=\"checkout-button button alt wc-forward\" href=\"http:\/\/codecanyon.net\/item\/woo-search-box\/15685698?ref=Guaven\" target=\"_blank\" rel=\"noopener noreferrer\"><span style=\"vertical-align: inherit\"><span style=\"vertical-align: inherit\">\u015eimdi al<\/span><\/span><\/a><span style=\"vertical-align: inherit\"><span style=\"vertical-align: inherit\"> veya <\/span><\/span><a class=\"checkout-button button alt wc-forward\" style=\"background-color: #25ccbe;border-bottom: 4px solid #25ccbe\" href=\"https:\/\/guaven.com\/contact\/consultation\/\" target=\"_blank\" rel=\"noopener noreferrer\"><span style=\"vertical-align: inherit\"><span style=\"vertical-align: inherit\">Soru Sor<\/span><\/span><\/a><\/p>\n<p align=\"center\"><a href=\"http:\/\/codecanyon.net\/item\/woo-search-box\/15685698?ref=Guaven\"><img decoding=\"async\" src=\"https:\/\/guaven.com\/demos\/digishop\/wp-content\/uploads\/2016\/11\/wsb-2016-11-16_19.03.18.gif\" \/><\/a><\/p>\n<p align=\"center\"><a href=\"http:\/\/codecanyon.net\/item\/woo-search-box\/15685698?ref=Guaven\"><img decoding=\"async\" src=\"http:\/\/demo.guaven.com\/woo-search-box\/wp-content\/uploads\/sites\/2\/2017\/01\/nofee.png\" width=\"640\" \/><\/a><\/p>\n<p><span style=\"vertical-align: inherit\"><span style=\"vertical-align: inherit\">Kesinlikle &#8220;WooCommerce Arama Kutusu&#8221; eklentisinin en iyi WooCommerce eklentilerinden biri oldu\u011funu s\u00f6yleyebiliriz.<\/span><\/span><\/p>\n<p align=\"center\"><a class=\"checkout-button button alt wc-forward\" href=\"http:\/\/codecanyon.net\/item\/woo-search-box\/15685698?ref=Guaven\" target=\"_blank\" rel=\"noopener noreferrer\"><span style=\"vertical-align: inherit\"><span style=\"vertical-align: inherit\">\u015eimdi Eklentiyi Al\u0131n<\/span><\/span><\/a><\/p>\n<\/div>\n","protected":false},"excerpt":{"rendered":"<p>WooCommerce\u00a0 ma\u011fazan\u0131z i\u00e7in ak\u0131ll\u0131\u00a0 &#8220;WooCommerce Search Engine&#8221; arama motoru \u00fcr\u00fcnlerinizin m\u00fc\u015fteriler taraf\u0131ndan kolayca bulunmas\u0131n\u0131 sa\u011flar. &#8211; Kurulum i\u00e7in herhangi bir ek kodlamaya gerek yoktur! Yaz\u0131m hatas\u0131 \u00e7\u00f6z\u00fcmleyicinizi test etmek i\u00e7in,\u00a0Shwarskof\u00a0 yerine\u00a0Schwarzkopf,\u00a0 \u00a0Shaomi yerine Xiaomi,\u00a0\u00a0Volsvagen yerine Volkswagen yaz\u0131n . \u00c7ok kombinasyonlu kar\u0131\u015f\u0131k arama \u00f6zelli\u011fini test etmek i\u00e7in Amazon Kindle Touch yerine Touch Amazon yaz\u0131n veya iPhone [&hellip;]<\/p>\n","protected":false},"author":1,"featured_media":0,"parent":103,"menu_order":0,"comment_status":"closed","ping_status":"closed","template":"template-full-width.php","meta":{"footnotes":""},"class_list":["post-377","page","type-page","status-publish","hentry"],"_links":{"self":[{"href":"https:\/\/demo.guaven.com\/woo-search-box\/wp-json\/wp\/v2\/pages\/377","targetHints":{"allow":["GET"]}}],"collection":[{"href":"https:\/\/demo.guaven.com\/woo-search-box\/wp-json\/wp\/v2\/pages"}],"about":[{"href":"https:\/\/demo.guaven.com\/woo-search-box\/wp-json\/wp\/v2\/types\/page"}],"author":[{"embeddable":true,"href":"https:\/\/demo.guaven.com\/woo-search-box\/wp-json\/wp\/v2\/users\/1"}],"replies":[{"embeddable":true,"href":"https:\/\/demo.guaven.com\/woo-search-box\/wp-json\/wp\/v2\/comments?post=377"}],"version-history":[{"count":2,"href":"https:\/\/demo.guaven.com\/woo-search-box\/wp-json\/wp\/v2\/pages\/377\/revisions"}],"predecessor-version":[{"id":520,"href":"https:\/\/demo.guaven.com\/woo-search-box\/wp-json\/wp\/v2\/pages\/377\/revisions\/520"}],"up":[{"embeddable":true,"href":"https:\/\/demo.guaven.com\/woo-search-box\/wp-json\/wp\/v2\/pages\/103"}],"wp:attachment":[{"href":"https:\/\/demo.guaven.com\/woo-search-box\/wp-json\/wp\/v2\/media?parent=377"}],"curies":[{"name":"wp","href":"https:\/\/api.w.org\/{rel}","templated":true}]}}